{"id":514,"date":"2023-05-24T16:46:15","date_gmt":"2023-05-24T14:46:15","guid":{"rendered":"https:\/\/guadalsegur.es\/guadalsegur\/"},"modified":"2023-09-13T10:53:57","modified_gmt":"2023-09-13T08:53:57","slug":"guadalsegur","status":"publish","type":"page","link":"https:\/\/guadalsegur.es\/en\/guadalsegur\/","title":{"rendered":"Guadalsegur"},"content":{"rendered":"<p>[et_pb_section fb_built=&#8221;1&#8243; admin_label=&#8221;Header&#8221; _builder_version=&#8221;4.21.0&#8243; background_color=&#8221;#f1fafe&#8221; background_image=&#8221;https:\/\/guadalsegur.es\/wp-content\/uploads\/2023\/05\/cyber-security-08.png&#8221; custom_padding=&#8221;||0px|||&#8221; background_last_edited=&#8221;on|phone&#8221; background_position_tablet=&#8221;center_right&#8221; locked=&#8221;off&#8221; global_colors_info=&#8221;{}&#8221;][et_pb_row column_structure=&#8221;1_2,1_2&#8243; _builder_version=&#8221;4.16&#8243; global_colors_info=&#8221;{}&#8221;][et_pb_column type=&#8221;1_2&#8243; _builder_version=&#8221;4.16&#8243; global_colors_info=&#8221;{}&#8221;][et_pb_image src=&#8221;https:\/\/guadalsegur.es\/wp-content\/uploads\/2023\/08\/equipo-alhaurin-el-grande-3.jpg&#8221; title_text=&#8221;equipo alhaurin el grande 3&#8243; _builder_version=&#8221;4.21.0&#8243; max_width_tablet=&#8221;400px&#8221; max_width_phone=&#8221;200px&#8221; max_width_last_edited=&#8221;on|desktop&#8221; custom_margin=&#8221;0px||0px|-12vw|false|false&#8221; custom_margin_tablet=&#8221;|||0vw&#8221; custom_margin_phone=&#8221;&#8221; custom_margin_last_edited=&#8221;on|desktop&#8221; animation_style=&#8221;zoom&#8221; animation_intensity_zoom=&#8221;5%&#8221; hover_enabled=&#8221;0&#8243; border_radii=&#8221;off|20px|||&#8221; locked=&#8221;off&#8221; global_colors_info=&#8221;{}&#8221; sticky_enabled=&#8221;0&#8243;][\/et_pb_image][et_pb_image src=&#8221;https:\/\/guadalsegur.es\/wp-content\/uploads\/2023\/08\/equipo-coin.jpeg&#8221; title_text=&#8221;equipo coin&#8221; _builder_version=&#8221;4.21.0&#8243; max_width_tablet=&#8221;400px&#8221; max_width_phone=&#8221;200px&#8221; max_width_last_edited=&#8221;on|desktop&#8221; custom_margin=&#8221;0px||0px|-12vw|false|false&#8221; custom_margin_tablet=&#8221;|||0vw&#8221; custom_margin_phone=&#8221;&#8221; custom_margin_last_edited=&#8221;on|desktop&#8221; animation_style=&#8221;zoom&#8221; animation_intensity_zoom=&#8221;5%&#8221; border_radii=&#8221;off||||20px&#8221; locked=&#8221;off&#8221; global_colors_info=&#8221;{}&#8221;][\/et_pb_image][\/et_pb_column][et_pb_column type=&#8221;1_2&#8243; _builder_version=&#8221;4.16&#8243; global_colors_info=&#8221;{}&#8221;][et_pb_text _builder_version=&#8221;4.21.0&#8243; text_font=&#8221;||||||||&#8221; header_font=&#8221;Overpass|900|||||||&#8221; header_font_size=&#8221;84px&#8221; header_font_size_tablet=&#8221;54px&#8221; header_font_size_phone=&#8221;32px&#8221; header_font_size_last_edited=&#8221;on|desktop&#8221; locked=&#8221;off&#8221; global_colors_info=&#8221;{}&#8221;]<\/p>\n<h1>ABOUT US<\/h1>\n<p>[\/et_pb_text][et_pb_text _builder_version=&#8221;4.21.0&#8243; text_font=&#8221;Overpass|300|||||||&#8221; text_font_size=&#8221;17px&#8221; text_line_height=&#8221;1.8em&#8221; text_font_size_tablet=&#8221;&#8221; text_font_size_phone=&#8221;14px&#8221; text_font_size_last_edited=&#8221;on|desktop&#8221; locked=&#8221;off&#8221; global_colors_info=&#8221;{}&#8221;]<\/p>\n<p>Our company was founded in 1986 with the purchase of a small insurance portfolio with the aim of meeting our clients\u00b4 needs.<\/p>\n<p>Over the years the former insurance portfolio was expanding together with other companies that offered different guarantee options to any kind of risks at the best price.<br \/>Guadalsegur 2000 Correduria de Seguros S.L. was established in 1997 being the first insurance brokerage in the Guadalhorce Valley with the authorization number CS-J\/28 from the Regional Government of Andalusia, which enables them to operates as an insurance brokerage.<\/p>\n<p>Being an insurance brokerage provides us with the chance to offer the most competitive insurances to our clients regarding price\/hedging, since we are allowed to search for the best price among a wide range of first-rate insurance. This fact differentiates us from the insurance agents who are attached to the only company they represent to.<\/p>\n<p>Nowadays we have two offices, one is located in Alhaur\u00edn el Grande and the other in Co\u00edn. Besides, we have two external assistants in Monda and Velez M\u00e1laga. Nine highly qualified employees work in these offices, all of whom are able to obtain the best insurance for your car, home, business, workshop, health, civil liability at a very competitive price.<br \/>We are always at your disposal caring for your peace of mind.<\/p>\n<p>[\/et_pb_text][\/et_pb_column][\/et_pb_row][\/et_pb_section][et_pb_section fb_built=&#8221;1&#8243; prev_background_color=&#8221;#f1fafe&#8221; admin_label=&#8221;Features&#8221; _builder_version=&#8221;4.16&#8243; custom_margin=&#8221;||&#8221; custom_padding=&#8221;||||false|&#8221; top_divider_style=&#8221;slant&#8221; top_divider_height=&#8221;20vw&#8221; bottom_divider_height=&#8221;20vw&#8221; global_colors_info=&#8221;{}&#8221;][et_pb_row column_structure=&#8221;1_2,1_2&#8243; _builder_version=&#8221;4.21.0&#8243; custom_margin=&#8221;||-4vw&#8221; locked=&#8221;off&#8221; global_colors_info=&#8221;{}&#8221;][et_pb_column type=&#8221;1_2&#8243; _builder_version=&#8221;4.16&#8243; global_colors_info=&#8221;{}&#8221;][et_pb_blurb title=&#8221;Personalized Advice&#8221; image=&#8221;https:\/\/guadalsegur.es\/wp-content\/uploads\/2023\/08\/asesoramiento-perso.jpg&#8221; image_icon_width=&#8221;110%&#8221; _builder_version=&#8221;4.21.0&#8243; header_font=&#8221;Overpass|900|||||||&#8221; header_line_height=&#8221;1.4em&#8221; body_font=&#8221;Overpass|300|||||||&#8221; body_line_height=&#8221;1.8em&#8221; text_orientation=&#8221;center&#8221; box_shadow_style_image=&#8221;preset2&#8243; global_colors_info=&#8221;{}&#8221;]<\/p>\n<p>Our experts will analyze your needs to recommend the best coverage options and protect what you value most.<\/p>\n<p>[\/et_pb_blurb][et_pb_blurb title=&#8221;Saving Time and Effort&#8221; image=&#8221;https:\/\/guadalsegur.es\/wp-content\/uploads\/2023\/08\/ahorro-de-tiempo-y-esfuerzo.jpg&#8221; image_icon_width=&#8221;53%&#8221; _builder_version=&#8221;4.21.0&#8243; header_font=&#8221;Overpass|900|||||||&#8221; header_line_height=&#8221;1.4em&#8221; body_font=&#8221;Overpass|300|||||||&#8221; body_line_height=&#8221;1.8em&#8221; text_orientation=&#8221;center&#8221; box_shadow_style_image=&#8221;preset2&#8243; global_colors_info=&#8221;{}&#8221;]<\/p>\n<p>Avoid comparative research. We do the work for you, presenting you with the most suitable options without wasting any time.<\/p>\n<p>[\/et_pb_blurb][\/et_pb_column][et_pb_column type=&#8221;1_2&#8243; _builder_version=&#8221;4.21.0&#8243; transform_scale_tablet=&#8221;&#8221; transform_scale_phone=&#8221;&#8221; transform_scale_last_edited=&#8221;on|desktop&#8221; transform_translate=&#8221;0px|94px&#8221; transform_translate_tablet=&#8221;0px|0px&#8221; transform_translate_phone=&#8221;&#8221; transform_translate_last_edited=&#8221;on|tablet&#8221; transform_translate_linked=&#8221;off&#8221; transform_rotate_tablet=&#8221;&#8221; transform_rotate_phone=&#8221;&#8221; transform_rotate_last_edited=&#8221;on|desktop&#8221; transform_skew_tablet=&#8221;&#8221; transform_skew_phone=&#8221;&#8221; transform_skew_last_edited=&#8221;on|desktop&#8221; transform_origin_tablet=&#8221;&#8221; transform_origin_phone=&#8221;&#8221; transform_origin_last_edited=&#8221;on|desktop&#8221; transform_styles_last_edited=&#8221;on|tablet&#8221; transform_styles_tablet=&#8221;&#8221; transform_styles_phone=&#8221;&#8221; global_colors_info=&#8221;{}&#8221;][et_pb_blurb title=&#8221;Variety of Options&#8221; image=&#8221;https:\/\/guadalsegur.es\/wp-content\/uploads\/2023\/08\/variedad-de-opciones2.jpg&#8221; image_icon_width=&#8221;95%&#8221; _builder_version=&#8221;4.21.0&#8243; header_font=&#8221;Overpass|900|||||||&#8221; header_line_height=&#8221;1.4em&#8221; body_font=&#8221;Overpass|300|||||||&#8221; body_line_height=&#8221;1.8em&#8221; text_orientation=&#8221;center&#8221; box_shadow_style_image=&#8221;preset2&#8243; locked=&#8221;off&#8221; global_colors_info=&#8221;{}&#8221;]<\/p>\n<p>Through our company, access multiple insurance companies and choose from a wide range of options to find the perfect insurance for you.<\/p>\n<p>[\/et_pb_blurb][et_pb_blurb title=&#8221;Simplified Management&#8221; image=&#8221;https:\/\/guadalsegur.es\/wp-content\/uploads\/2023\/08\/gestion-simplificada-1.jpg&#8221; image_icon_width=&#8221;58%&#8221; disabled_on=&#8221;off|off|off&#8221; _builder_version=&#8221;4.21.0&#8243; header_font=&#8221;Overpass|900|||||||&#8221; header_line_height=&#8221;1.4em&#8221; body_font=&#8221;Overpass|300|||||||&#8221; body_line_height=&#8221;1.8em&#8221; text_orientation=&#8221;center&#8221; box_shadow_style_image=&#8221;preset2&#8243; locked=&#8221;off&#8221; global_colors_info=&#8221;{}&#8221;]<\/p>\n<p>We manage the entire insurance process for you ranging from quotes to renewals, giving you peace of mind and constant security.<\/p>\n<p>[\/et_pb_blurb][\/et_pb_column][\/et_pb_row][\/et_pb_section][et_pb_section fb_built=&#8221;1&#8243; prev_background_color=&#8221;#ffffff&#8221; disabled_on=&#8221;off|off|off&#8221; admin_label=&#8221;About&#8221; _builder_version=&#8221;4.21.0&#8243; use_background_color_gradient=&#8221;on&#8221; background_color_gradient_type=&#8221;circular&#8221; background_color_gradient_stops=&#8221;#004183 0%|#001f4c 100%&#8221; background_color_gradient_start=&#8221;#004183&#8243; background_color_gradient_end=&#8221;#001f4c&#8221; background_enable_image=&#8221;off&#8221; background_size=&#8221;contain&#8221; background_position=&#8221;top_right&#8221; background_horizontal_offset=&#8221;-36%&#8221; background_vertical_offset=&#8221;-33%&#8221; custom_margin=&#8221;||7vw||false|false&#8221; custom_padding=&#8221;||0vw|||&#8221; top_divider_style=&#8221;slant&#8221; top_divider_height=&#8221;20vw&#8221; custom_css_main_element=&#8221;background-position: center bottom -1px !Important; &#8221; locked=&#8221;off&#8221; global_colors_info=&#8221;{}&#8221;][et_pb_row column_structure=&#8221;1_2,1_2&#8243; _builder_version=&#8221;4.16&#8243; global_colors_info=&#8221;{}&#8221;][et_pb_column type=&#8221;1_2&#8243; _builder_version=&#8221;4.16&#8243; custom_padding=&#8221;9vw||&#8221; custom_padding_tablet=&#8221;0vw||&#8221; custom_padding_last_edited=&#8221;off|desktop&#8221; global_colors_info=&#8221;{}&#8221;][et_pb_text _builder_version=&#8221;4.21.0&#8243; text_font=&#8221;||||||||&#8221; header_2_font=&#8221;Overpass|900|||||||&#8221; header_2_font_size=&#8221;56px&#8221; header_2_line_height=&#8221;1.1em&#8221; header_3_font=&#8221;Overpass|600|||||||&#8221; header_3_text_color=&#8221;#00b4ff&#8221; header_3_font_size=&#8221;30px&#8221; header_3_line_height=&#8221;1.2em&#8221; background_layout=&#8221;dark&#8221; header_2_font_size_tablet=&#8221;38px&#8221; header_2_font_size_phone=&#8221;26px&#8221; header_2_font_size_last_edited=&#8221;on|desktop&#8221; header_3_font_tablet=&#8221;&#8221; header_3_font_phone=&#8221;Overpass|700|||||||&#8221; header_3_font_last_edited=&#8221;on|phone&#8221; header_3_font_size_tablet=&#8221;24px&#8221; header_3_font_size_phone=&#8221;18px&#8221; header_3_font_size_last_edited=&#8221;on|desktop&#8221; locked=&#8221;off&#8221; global_colors_info=&#8221;{}&#8221;]<\/p>\n<h3>ON-SITE AND ONLINE<\/h3>\n<h2>You can contract your insurance with us<\/h2>\n<p>[\/et_pb_text][et_pb_divider color=&#8221;#00b4ff&#8221; divider_weight=&#8221;2px&#8221; _builder_version=&#8221;4.16&#8243; width=&#8221;100px&#8221; custom_margin=&#8221;||0px&#8221; global_colors_info=&#8221;{}&#8221;][\/et_pb_divider][et_pb_text _builder_version=&#8221;4.21.0&#8243; text_font=&#8221;Overpass|300|||||||&#8221; text_font_size=&#8221;17px&#8221; text_line_height=&#8221;1.8em&#8221; background_layout=&#8221;dark&#8221; text_font_size_tablet=&#8221;&#8221; text_font_size_phone=&#8221;14px&#8221; text_font_size_last_edited=&#8221;on|desktop&#8221; locked=&#8221;off&#8221; global_colors_info=&#8221;{}&#8221;]<\/p>\n<p>At Guadalsegur, we believe in convenience and choice. That is why we offer you the flexibility of taking out your insurance in two ways: on-site and online. If you prefer personal contact, our team of experts will be happy to assist you in our facilities, giving you direct advice and solving all your doubts. On the other hand, if you value comfort and speed, you can request a quote, compare and purchase insurance from the comfort of your home or mobile device through our website and our WhatsApp number.<\/p>\n<p>[\/et_pb_text][et_pb_button button_url=&#8221;@ET-DC@eyJkeW5hbWljIjp0cnVlLCJjb250ZW50IjoicG9zdF9saW5rX3VybF9wYWdlIiwic2V0dGluZ3MiOnsicG9zdF9pZCI6IjU3In19@&#8221; button_text=&#8221;Ask us for a consultation&#8221; _builder_version=&#8221;4.21.0&#8243; _dynamic_attributes=&#8221;button_url&#8221; custom_button=&#8221;on&#8221; button_text_size=&#8221;14px&#8221; button_text_color=&#8221;#00b4ff&#8221; button_bg_color=&#8221;rgba(0,0,0,0)&#8221; button_border_width=&#8221;2px&#8221; button_border_color=&#8221;#00b4ff&#8221; button_border_radius=&#8221;100px&#8221; button_font=&#8221;Overpass|900||on|||||&#8221; button_use_icon=&#8221;off&#8221; custom_padding=&#8221;12px|24px|12px|24px|true|true&#8221; box_shadow_style=&#8221;preset3&#8243; box_shadow_vertical=&#8221;0px&#8221; box_shadow_blur=&#8221;0px&#8221; box_shadow_spread=&#8221;-10px&#8221; box_shadow_color=&#8221;rgba(25,114,255,0.4)&#8221; locked=&#8221;off&#8221; global_colors_info=&#8221;{}&#8221; box_shadow_color__hover=&#8221;#2585b2&#8243; box_shadow_blur__hover_enabled=&#8221;on&#8221; box_shadow_blur__hover=&#8221;40px&#8221; box_shadow_vertical__hover_enabled=&#8221;on&#8221; box_shadow_vertical__hover=&#8221;10px&#8221;][\/et_pb_button][\/et_pb_column][et_pb_column type=&#8221;1_2&#8243; _builder_version=&#8221;4.16&#8243; custom_padding=&#8221;29vw||&#8221; custom_padding_tablet=&#8221;0vw||&#8221; custom_padding_phone=&#8221;&#8221; custom_padding_last_edited=&#8221;on|desktop&#8221; global_colors_info=&#8221;{}&#8221;][\/et_pb_column][\/et_pb_row][\/et_pb_section]<\/p>\n","protected":false},"excerpt":{"rendered":"<p>ABOUT USOur company was founded in 1986 with the purchase of a small insurance portfolio with the aim of meeting our clients\u00b4 needs. Over the years the former insurance portfolio was expanding together with other companies that offered different guarantee options to any kind of risks at the best price.Guadalsegur 2000 Correduria de Seguros S.L. [&hellip;]<\/p>\n","protected":false},"author":1,"featured_media":0,"parent":0,"menu_order":0,"comment_status":"closed","ping_status":"closed","template":"","meta":{"_et_pb_use_builder":"on","_et_pb_old_content":"","_et_gb_content_width":"","footnotes":""},"class_list":["post-514","page","type-page","status-publish","hentry"],"yoast_head":"<!-- This site is optimized with the Yoast SEO plugin v21.3 - https:\/\/yoast.com\/wordpress\/plugins\/seo\/ -->\n<title>Guadalsegur - Guadalsegur<\/title>\n<meta name=\"robots\" content=\"index, follow, max-snippet:-1, max-image-preview:large, max-video-preview:-1\" \/>\n<link rel=\"canonical\" href=\"https:\/\/guadalsegur.es\/guadalsegur\/\" \/>\n<meta property=\"og:locale\" content=\"en_US\" \/>\n<meta property=\"og:type\" content=\"article\" \/>\n<meta property=\"og:title\" content=\"Guadalsegur - Guadalsegur\" \/>\n<meta property=\"og:description\" content=\"ABOUT USOur company was founded in 1986 with the purchase of a small insurance portfolio with the aim of meeting our clients\u00b4 needs. Over the years the former insurance portfolio was expanding together with other companies that offered different guarantee options to any kind of risks at the best price.Guadalsegur 2000 Correduria de Seguros S.L. [&hellip;]\" \/>\n<meta property=\"og:url\" content=\"https:\/\/guadalsegur.es\/guadalsegur\/\" \/>\n<meta property=\"og:site_name\" content=\"Guadalsegur\" \/>\n<meta property=\"article:modified_time\" content=\"2023-09-13T08:53:57+00:00\" \/>\n<meta name=\"twitter:card\" content=\"summary_large_image\" \/>\n<meta name=\"twitter:label1\" content=\"Est. reading time\" \/>\n\t<meta name=\"twitter:data1\" content=\"8 minutes\" \/>\n<script type=\"application\/ld+json\" class=\"yoast-schema-graph\">{\"@context\":\"https:\/\/schema.org\",\"@graph\":[{\"@type\":\"WebPage\",\"@id\":\"https:\/\/guadalsegur.es\/guadalsegur\/\",\"url\":\"https:\/\/guadalsegur.es\/guadalsegur\/\",\"name\":\"Guadalsegur - Guadalsegur\",\"isPartOf\":{\"@id\":\"https:\/\/guadalsegur.es\/#website\"},\"datePublished\":\"2023-05-24T14:46:15+00:00\",\"dateModified\":\"2023-09-13T08:53:57+00:00\",\"breadcrumb\":{\"@id\":\"https:\/\/guadalsegur.es\/guadalsegur\/#breadcrumb\"},\"inLanguage\":\"en-US\",\"potentialAction\":[{\"@type\":\"ReadAction\",\"target\":[\"https:\/\/guadalsegur.es\/guadalsegur\/\"]}]},{\"@type\":\"BreadcrumbList\",\"@id\":\"https:\/\/guadalsegur.es\/guadalsegur\/#breadcrumb\",\"itemListElement\":[{\"@type\":\"ListItem\",\"position\":1,\"name\":\"Portada\",\"item\":\"https:\/\/guadalsegur.es\/\"},{\"@type\":\"ListItem\",\"position\":2,\"name\":\"Guadalsegur\"}]},{\"@type\":\"WebSite\",\"@id\":\"https:\/\/guadalsegur.es\/#website\",\"url\":\"https:\/\/guadalsegur.es\/\",\"name\":\"Guadalsegur\",\"description\":\"Tu aseguradora de confianza\",\"potentialAction\":[{\"@type\":\"SearchAction\",\"target\":{\"@type\":\"EntryPoint\",\"urlTemplate\":\"https:\/\/guadalsegur.es\/?s={search_term_string}\"},\"query-input\":\"required name=search_term_string\"}],\"inLanguage\":\"en-US\"}]}<\/script>\n<!-- \/ Yoast SEO plugin. -->","yoast_head_json":{"title":"Guadalsegur - Guadalsegur","robots":{"index":"index","follow":"follow","max-snippet":"max-snippet:-1","max-image-preview":"max-image-preview:large","max-video-preview":"max-video-preview:-1"},"canonical":"https:\/\/guadalsegur.es\/guadalsegur\/","og_locale":"en_US","og_type":"article","og_title":"Guadalsegur - Guadalsegur","og_description":"ABOUT USOur company was founded in 1986 with the purchase of a small insurance portfolio with the aim of meeting our clients\u00b4 needs. Over the years the former insurance portfolio was expanding together with other companies that offered different guarantee options to any kind of risks at the best price.Guadalsegur 2000 Correduria de Seguros S.L. [&hellip;]","og_url":"https:\/\/guadalsegur.es\/guadalsegur\/","og_site_name":"Guadalsegur","article_modified_time":"2023-09-13T08:53:57+00:00","twitter_card":"summary_large_image","twitter_misc":{"Est. reading time":"8 minutes"},"schema":{"@context":"https:\/\/schema.org","@graph":[{"@type":"WebPage","@id":"https:\/\/guadalsegur.es\/guadalsegur\/","url":"https:\/\/guadalsegur.es\/guadalsegur\/","name":"Guadalsegur - Guadalsegur","isPartOf":{"@id":"https:\/\/guadalsegur.es\/#website"},"datePublished":"2023-05-24T14:46:15+00:00","dateModified":"2023-09-13T08:53:57+00:00","breadcrumb":{"@id":"https:\/\/guadalsegur.es\/guadalsegur\/#breadcrumb"},"inLanguage":"en-US","potentialAction":[{"@type":"ReadAction","target":["https:\/\/guadalsegur.es\/guadalsegur\/"]}]},{"@type":"BreadcrumbList","@id":"https:\/\/guadalsegur.es\/guadalsegur\/#breadcrumb","itemListElement":[{"@type":"ListItem","position":1,"name":"Portada","item":"https:\/\/guadalsegur.es\/"},{"@type":"ListItem","position":2,"name":"Guadalsegur"}]},{"@type":"WebSite","@id":"https:\/\/guadalsegur.es\/#website","url":"https:\/\/guadalsegur.es\/","name":"Guadalsegur","description":"Tu aseguradora de confianza","potentialAction":[{"@type":"SearchAction","target":{"@type":"EntryPoint","urlTemplate":"https:\/\/guadalsegur.es\/?s={search_term_string}"},"query-input":"required name=search_term_string"}],"inLanguage":"en-US"}]}},"_links":{"self":[{"href":"https:\/\/guadalsegur.es\/en\/wp-json\/wp\/v2\/pages\/514","targetHints":{"allow":["GET"]}}],"collection":[{"href":"https:\/\/guadalsegur.es\/en\/wp-json\/wp\/v2\/pages"}],"about":[{"href":"https:\/\/guadalsegur.es\/en\/wp-json\/wp\/v2\/types\/page"}],"author":[{"embeddable":true,"href":"https:\/\/guadalsegur.es\/en\/wp-json\/wp\/v2\/users\/1"}],"replies":[{"embeddable":true,"href":"https:\/\/guadalsegur.es\/en\/wp-json\/wp\/v2\/comments?post=514"}],"version-history":[{"count":27,"href":"https:\/\/guadalsegur.es\/en\/wp-json\/wp\/v2\/pages\/514\/revisions"}],"predecessor-version":[{"id":659,"href":"https:\/\/guadalsegur.es\/en\/wp-json\/wp\/v2\/pages\/514\/revisions\/659"}],"wp:attachment":[{"href":"https:\/\/guadalsegur.es\/en\/wp-json\/wp\/v2\/media?parent=514"}],"curies":[{"name":"wp","href":"https:\/\/api.w.org\/{rel}","templated":true}]}}